{"id":8740,"date":"2026-02-05T16:43:45","date_gmt":"2026-02-05T14:43:45","guid":{"rendered":"https:\/\/lillebaarpojeng.ee\/?post_type=product&#038;p=8740"},"modified":"2026-02-26T19:59:58","modified_gmt":"2026-02-26T17:59:58","slug":"kimp-naistepaev","status":"publish","type":"product","link":"https:\/\/lillebaarpojeng.ee\/en\/toode\/kimp-naistepaev\/","title":{"rendered":"Kimp Naistep\u00e4ev"},"content":{"rendered":"","protected":false},"excerpt":{"rendered":"<p>Vali summa ja kirjuta kimbu erisoovid m\u00e4rkustesse<\/p>\n","protected":false},"featured_media":8835,"template":"","meta":{"_et_pb_use_builder":"","_et_pb_old_content":"","_et_gb_content_width":""},"product_brand":[],"product_cat":[16],"product_tag":[],"class_list":{"0":"post-8740","1":"product","2":"type-product","3":"status-publish","4":"has-post-thumbnail","6":"product_cat-lilled","8":"first","9":"instock","10":"taxable","11":"shipping-taxable","12":"purchasable","13":"product-type-variable"},"yoast_head":"<!-- This site is optimized with the Yoast SEO plugin v27.3 - https:\/\/yoast.com\/product\/yoast-seo-wordpress\/ -->\n<title>Kimp Naistep\u00e4ev - Lillebaar Pojeng<\/title>\n<meta name=\"description\" content=\"Naistep\u00e4eva kimbud kulleriga otse ukse taha. Telli kaunid lilled kallimale kiirelt ja mugavalt \u2013 v\u00e4rsked kimbud naistep\u00e4eva t\u00e4histamiseks.\" \/>\n<meta name=\"robots\" content=\"index, follow, max-snippet:-1, max-image-preview:large, max-video-preview:-1\" \/>\n<link rel=\"canonical\" href=\"https:\/\/lillebaarpojeng.ee\/toode\/kimp-naistepaev\/\" \/>\n<meta property=\"og:locale\" content=\"en_US\" \/>\n<meta property=\"og:type\" content=\"article\" \/>\n<meta property=\"og:title\" content=\"Kimp Naistep\u00e4ev - Lillebaar Pojeng\" \/>\n<meta property=\"og:description\" content=\"Naistep\u00e4eva kimbud kulleriga otse ukse taha. Telli kaunid lilled kallimale kiirelt ja mugavalt \u2013 v\u00e4rsked kimbud naistep\u00e4eva t\u00e4histamiseks.\" \/>\n<meta property=\"og:url\" content=\"https:\/\/lillebaarpojeng.ee\/toode\/kimp-naistepaev\/\" \/>\n<meta property=\"og:site_name\" content=\"Lillebaar Pojeng\" \/>\n<meta property=\"article:modified_time\" content=\"2026-02-26T17:59:58+00:00\" \/>\n<meta property=\"og:image\" content=\"https:\/\/lillebaarpojeng.ee\/wp-content\/uploads\/2026\/02\/785b7949-b564-426b-9b7a-a424f8992d77.jpeg\" \/>\n\t<meta property=\"og:image:width\" content=\"738\" \/>\n\t<meta property=\"og:image:height\" content=\"1141\" \/>\n\t<meta property=\"og:image:type\" content=\"image\/jpeg\" \/>\n<meta name=\"twitter:card\" content=\"summary_large_image\" \/>\n<meta name=\"twitter:label1\" content=\"Est. reading time\" \/>\n\t<meta name=\"twitter:data1\" content=\"1 minute\" \/>\n<script type=\"application\/ld+json\" class=\"yoast-schema-graph\">{\"@context\":\"https:\\\/\\\/schema.org\",\"@graph\":[{\"@type\":\"WebPage\",\"@id\":\"https:\\\/\\\/lillebaarpojeng.ee\\\/toode\\\/kimp-naistepaev\\\/\",\"url\":\"https:\\\/\\\/lillebaarpojeng.ee\\\/toode\\\/kimp-naistepaev\\\/\",\"name\":\"Kimp Naistep\u00e4ev - Lillebaar Pojeng\",\"isPartOf\":{\"@id\":\"https:\\\/\\\/lillebaarpojeng.ee\\\/#website\"},\"primaryImageOfPage\":{\"@id\":\"https:\\\/\\\/lillebaarpojeng.ee\\\/toode\\\/kimp-naistepaev\\\/#primaryimage\"},\"image\":{\"@id\":\"https:\\\/\\\/lillebaarpojeng.ee\\\/toode\\\/kimp-naistepaev\\\/#primaryimage\"},\"thumbnailUrl\":\"https:\\\/\\\/lillebaarpojeng.ee\\\/wp-content\\\/uploads\\\/2026\\\/02\\\/785b7949-b564-426b-9b7a-a424f8992d77.jpeg\",\"datePublished\":\"2026-02-05T14:43:45+00:00\",\"dateModified\":\"2026-02-26T17:59:58+00:00\",\"description\":\"Naistep\u00e4eva kimbud kulleriga otse ukse taha. Telli kaunid lilled kallimale kiirelt ja mugavalt \u2013 v\u00e4rsked kimbud naistep\u00e4eva t\u00e4histamiseks.\",\"breadcrumb\":{\"@id\":\"https:\\\/\\\/lillebaarpojeng.ee\\\/toode\\\/kimp-naistepaev\\\/#breadcrumb\"},\"inLanguage\":\"en-US\",\"potentialAction\":[{\"@type\":\"ReadAction\",\"target\":[\"https:\\\/\\\/lillebaarpojeng.ee\\\/toode\\\/kimp-naistepaev\\\/\"]}]},{\"@type\":\"ImageObject\",\"inLanguage\":\"en-US\",\"@id\":\"https:\\\/\\\/lillebaarpojeng.ee\\\/toode\\\/kimp-naistepaev\\\/#primaryimage\",\"url\":\"https:\\\/\\\/lillebaarpojeng.ee\\\/wp-content\\\/uploads\\\/2026\\\/02\\\/785b7949-b564-426b-9b7a-a424f8992d77.jpeg\",\"contentUrl\":\"https:\\\/\\\/lillebaarpojeng.ee\\\/wp-content\\\/uploads\\\/2026\\\/02\\\/785b7949-b564-426b-9b7a-a424f8992d77.jpeg\",\"width\":738,\"height\":1141},{\"@type\":\"BreadcrumbList\",\"@id\":\"https:\\\/\\\/lillebaarpojeng.ee\\\/toode\\\/kimp-naistepaev\\\/#breadcrumb\",\"itemListElement\":[{\"@type\":\"ListItem\",\"position\":1,\"name\":\"Home\",\"item\":\"https:\\\/\\\/lillebaarpojeng.ee\\\/en\\\/\"},{\"@type\":\"ListItem\",\"position\":2,\"name\":\"shop\",\"item\":\"https:\\\/\\\/lillebaarpojeng.ee\\\/en\\\/shop\\\/\"},{\"@type\":\"ListItem\",\"position\":3,\"name\":\"Kimp Naistep\u00e4ev\"}]},{\"@type\":\"WebSite\",\"@id\":\"https:\\\/\\\/lillebaarpojeng.ee\\\/#website\",\"url\":\"https:\\\/\\\/lillebaarpojeng.ee\\\/\",\"name\":\"Lillebaar Pojeng\",\"description\":\"Because sometimes we serve flowers out of cups and glasses......\",\"potentialAction\":[{\"@type\":\"SearchAction\",\"target\":{\"@type\":\"EntryPoint\",\"urlTemplate\":\"https:\\\/\\\/lillebaarpojeng.ee\\\/?s={search_term_string}\"},\"query-input\":{\"@type\":\"PropertyValueSpecification\",\"valueRequired\":true,\"valueName\":\"search_term_string\"}}],\"inLanguage\":\"en-US\"}]}<\/script>\n<!-- \/ Yoast SEO plugin. -->","yoast_head_json":{"title":"Kimp Naistep\u00e4ev - Lillebaar Pojeng","description":"Naistep\u00e4eva kimbud kulleriga otse ukse taha. Telli kaunid lilled kallimale kiirelt ja mugavalt \u2013 v\u00e4rsked kimbud naistep\u00e4eva t\u00e4histamiseks.","robots":{"index":"index","follow":"follow","max-snippet":"max-snippet:-1","max-image-preview":"max-image-preview:large","max-video-preview":"max-video-preview:-1"},"canonical":"https:\/\/lillebaarpojeng.ee\/toode\/kimp-naistepaev\/","og_locale":"en_US","og_type":"article","og_title":"Kimp Naistep\u00e4ev - Lillebaar Pojeng","og_description":"Naistep\u00e4eva kimbud kulleriga otse ukse taha. Telli kaunid lilled kallimale kiirelt ja mugavalt \u2013 v\u00e4rsked kimbud naistep\u00e4eva t\u00e4histamiseks.","og_url":"https:\/\/lillebaarpojeng.ee\/toode\/kimp-naistepaev\/","og_site_name":"Lillebaar Pojeng","article_modified_time":"2026-02-26T17:59:58+00:00","og_image":[{"width":738,"height":1141,"url":"https:\/\/lillebaarpojeng.ee\/wp-content\/uploads\/2026\/02\/785b7949-b564-426b-9b7a-a424f8992d77.jpeg","type":"image\/jpeg"}],"twitter_card":"summary_large_image","twitter_misc":{"Est. reading time":"1 minute"},"schema":{"@context":"https:\/\/schema.org","@graph":[{"@type":"WebPage","@id":"https:\/\/lillebaarpojeng.ee\/toode\/kimp-naistepaev\/","url":"https:\/\/lillebaarpojeng.ee\/toode\/kimp-naistepaev\/","name":"Kimp Naistep\u00e4ev - Lillebaar Pojeng","isPartOf":{"@id":"https:\/\/lillebaarpojeng.ee\/#website"},"primaryImageOfPage":{"@id":"https:\/\/lillebaarpojeng.ee\/toode\/kimp-naistepaev\/#primaryimage"},"image":{"@id":"https:\/\/lillebaarpojeng.ee\/toode\/kimp-naistepaev\/#primaryimage"},"thumbnailUrl":"https:\/\/lillebaarpojeng.ee\/wp-content\/uploads\/2026\/02\/785b7949-b564-426b-9b7a-a424f8992d77.jpeg","datePublished":"2026-02-05T14:43:45+00:00","dateModified":"2026-02-26T17:59:58+00:00","description":"Naistep\u00e4eva kimbud kulleriga otse ukse taha. Telli kaunid lilled kallimale kiirelt ja mugavalt \u2013 v\u00e4rsked kimbud naistep\u00e4eva t\u00e4histamiseks.","breadcrumb":{"@id":"https:\/\/lillebaarpojeng.ee\/toode\/kimp-naistepaev\/#breadcrumb"},"inLanguage":"en-US","potentialAction":[{"@type":"ReadAction","target":["https:\/\/lillebaarpojeng.ee\/toode\/kimp-naistepaev\/"]}]},{"@type":"ImageObject","inLanguage":"en-US","@id":"https:\/\/lillebaarpojeng.ee\/toode\/kimp-naistepaev\/#primaryimage","url":"https:\/\/lillebaarpojeng.ee\/wp-content\/uploads\/2026\/02\/785b7949-b564-426b-9b7a-a424f8992d77.jpeg","contentUrl":"https:\/\/lillebaarpojeng.ee\/wp-content\/uploads\/2026\/02\/785b7949-b564-426b-9b7a-a424f8992d77.jpeg","width":738,"height":1141},{"@type":"BreadcrumbList","@id":"https:\/\/lillebaarpojeng.ee\/toode\/kimp-naistepaev\/#breadcrumb","itemListElement":[{"@type":"ListItem","position":1,"name":"Home","item":"https:\/\/lillebaarpojeng.ee\/en\/"},{"@type":"ListItem","position":2,"name":"shop","item":"https:\/\/lillebaarpojeng.ee\/en\/shop\/"},{"@type":"ListItem","position":3,"name":"Kimp Naistep\u00e4ev"}]},{"@type":"WebSite","@id":"https:\/\/lillebaarpojeng.ee\/#website","url":"https:\/\/lillebaarpojeng.ee\/","name":"Lillebaar Pojeng","description":"Because sometimes we serve flowers out of cups and glasses......","potentialAction":[{"@type":"SearchAction","target":{"@type":"EntryPoint","urlTemplate":"https:\/\/lillebaarpojeng.ee\/?s={search_term_string}"},"query-input":{"@type":"PropertyValueSpecification","valueRequired":true,"valueName":"search_term_string"}}],"inLanguage":"en-US"}]}},"jetpack_sharing_enabled":true,"_links":{"self":[{"href":"https:\/\/lillebaarpojeng.ee\/en\/wp-json\/wp\/v2\/product\/8740","targetHints":{"allow":["GET"]}}],"collection":[{"href":"https:\/\/lillebaarpojeng.ee\/en\/wp-json\/wp\/v2\/product"}],"about":[{"href":"https:\/\/lillebaarpojeng.ee\/en\/wp-json\/wp\/v2\/types\/product"}],"wp:featuredmedia":[{"embeddable":true,"href":"https:\/\/lillebaarpojeng.ee\/en\/wp-json\/wp\/v2\/media\/8835"}],"wp:attachment":[{"href":"https:\/\/lillebaarpojeng.ee\/en\/wp-json\/wp\/v2\/media?parent=8740"}],"wp:term":[{"taxonomy":"product_brand","embeddable":true,"href":"https:\/\/lillebaarpojeng.ee\/en\/wp-json\/wp\/v2\/product_brand?post=8740"},{"taxonomy":"product_cat","embeddable":true,"href":"https:\/\/lillebaarpojeng.ee\/en\/wp-json\/wp\/v2\/product_cat?post=8740"},{"taxonomy":"product_tag","embeddable":true,"href":"https:\/\/lillebaarpojeng.ee\/en\/wp-json\/wp\/v2\/product_tag?post=8740"}],"curies":[{"name":"wp","href":"https:\/\/api.w.org\/{rel}","templated":true}]}}